{"id":139,"date":"2026-03-14T17:48:47","date_gmt":"2026-03-14T17:48:47","guid":{"rendered":"http:\/\/ionshield.local\/?page_id=139"},"modified":"2026-04-16T18:45:10","modified_gmt":"2026-04-16T18:45:10","slug":"a-propos","status":"publish","type":"page","link":"https:\/\/ionshield.ca\/en\/a-propos\/","title":{"rendered":"About"},"content":{"rendered":"<div class=\"wp-block-cover alignfull is-light has-parallax\" style=\"margin-top:0;margin-bottom:0;padding-top:0;padding-bottom:0;min-height:430px;aspect-ratio:unset;\"><div class=\"wp-block-cover__image-background wp-image-239 size-full has-parallax\" style=\"background-position:50% 50%;background-image:url(https:\/\/ionshield.ca\/wp-content\/uploads\/2026\/03\/img_2-4-scaled.jpg)\"><\/div><span aria-hidden=\"true\" class=\"wp-block-cover__background has-background-dim\" style=\"background-color:#0161b1\"><\/span><div class=\"wp-block-cover__inner-container has-global-padding is-layout-constrained wp-block-cover-is-layout-constrained\">\n<div style=\"height:76px\" aria-hidden=\"true\" class=\"wp-block-spacer\"><\/div>\n\n\n\n<p class=\"has-text-align-center has-base-color has-text-color has-link-color has-montserrat-font-family has-xx-large-font-size wp-elements-ac3ccd2fa64dfd058c3837a838dc0376\" style=\"font-style:normal;font-weight:700\">ABOUT<\/p>\n\n\n\n<div style=\"height:76px\" aria-hidden=\"true\" class=\"wp-block-spacer\"><\/div>\n<\/div><\/div>\n\n\n\n<div class=\"wp-block-columns alignfull are-vertically-aligned-center has-background is-layout-flex wp-container-core-columns-is-layout-1ec2ec05 wp-block-columns-is-layout-flex\" style=\"background-color:#0161b5;margin-top:0;margin-bottom:0;padding-top:0;padding-right:0;padding-bottom:0;padding-left:0\">\n<div class=\"wp-block-column is-layout-flow wp-container-core-column-is-layout-b2a27621 wp-block-column-is-layout-flow\" style=\"padding-top:0;padding-right:0;padding-bottom:0;padding-left:0;flex-basis:10%\"><\/div>\n\n\n\n<div class=\"wp-block-column is-vertically-aligned-center is-layout-flow wp-container-core-column-is-layout-1a6e0e23 wp-block-column-is-layout-flow\" style=\"padding-top:0;padding-right:var(--wp--preset--spacing--80);padding-bottom:0;padding-left:var(--wp--preset--spacing--80);flex-basis:70%\">\n<p class=\"has-text-align-left has-base-color has-text-color has-link-color has-montserrat-font-family has-medium-font-size wp-elements-1cafaf66318eb6db431f668acde27fac\" style=\"font-style:normal;font-weight:500\">IonShield is a technology company based in Sherbrooke, Quebec, specializing in the development of industrial systems for capturing harmful particles.<\/p>\n\n\n\n<p class=\"has-text-align-left has-base-color has-text-color has-link-color has-montserrat-font-family has-medium-font-size wp-elements-9823ba97fa1d3efcf0c38cbb7d85e67c\" style=\"font-style:normal;font-weight:500\">We design solutions that use negative ionization to capture harmful airborne particles at the source and transform them into sediments, thereby reducing reliance on energy-intensive ventilation systems.<\/p>\n\n\n\n<p class=\"has-text-align-left has-base-color has-text-color has-link-color has-montserrat-font-family has-medium-font-size wp-elements-1f7d500c443b32f8a8b9ec9af60b27c7\" style=\"font-style:normal;font-weight:500\">Our mission is to improve worker safety while lowering energy consumption and operational costs in industrial environments.<\/p>\n<\/div>\n\n\n\n<div class=\"wp-block-column is-vertically-aligned-center is-layout-flow wp-block-column-is-layout-flow\" style=\"flex-basis:50%\">\n<figure class=\"wp-block-image alignright size-full\" style=\"margin-top:0;margin-right:0;margin-bottom:0;margin-left:0\"><img loading=\"lazy\" decoding=\"async\" width=\"540\" height=\"571\" src=\"https:\/\/ionshield.ca\/wp-content\/uploads\/2026\/03\/img_43.jpg\" alt=\"\" class=\"wp-image-552\" srcset=\"https:\/\/ionshield.ca\/wp-content\/uploads\/2026\/03\/img_43.jpg 540w, https:\/\/ionshield.ca\/wp-content\/uploads\/2026\/03\/img_43-284x300.jpg 284w\" sizes=\"auto, (max-width: 540px) 100vw, 540px\" \/><\/figure>\n<\/div>\n<\/div>\n\n\n\n<div class=\"wp-block-cover alignfull is-light\" style=\"margin-top:0;margin-bottom:0;padding-top:0;padding-right:var(--wp--preset--spacing--60);padding-bottom:0;padding-left:var(--wp--preset--spacing--60)\"><img loading=\"lazy\" decoding=\"async\" width=\"1024\" height=\"576\" class=\"wp-block-cover__image-background wp-image-239 size-large\" alt=\"\" src=\"https:\/\/ionshield.ca\/wp-content\/uploads\/2026\/03\/img_2-4-1024x576.jpg\" data-object-fit=\"cover\" srcset=\"https:\/\/ionshield.ca\/wp-content\/uploads\/2026\/03\/img_2-4-1024x576.jpg 1024w, https:\/\/ionshield.ca\/wp-content\/uploads\/2026\/03\/img_2-4-300x169.jpg 300w, https:\/\/ionshield.ca\/wp-content\/uploads\/2026\/03\/img_2-4-768x432.jpg 768w, https:\/\/ionshield.ca\/wp-content\/uploads\/2026\/03\/img_2-4-1536x864.jpg 1536w, https:\/\/ionshield.ca\/wp-content\/uploads\/2026\/03\/img_2-4-2048x1152.jpg 2048w\" sizes=\"auto, (max-width: 1024px) 100vw, 1024px\" \/><span aria-hidden=\"true\" class=\"wp-block-cover__background has-base-background-color has-background-dim\"><\/span><div class=\"wp-block-cover__inner-container has-global-padding is-layout-constrained wp-container-core-cover-is-layout-33d8b45c wp-block-cover-is-layout-constrained\">\n<div style=\"height:76px\" aria-hidden=\"true\" class=\"wp-block-spacer\"><\/div>\n\n\n\n<div class=\"wp-block-columns alignwide is-layout-flex wp-container-core-columns-is-layout-28f84493 wp-block-columns-is-layout-flex\">\n<div class=\"wp-block-column has-background is-layout-flow wp-block-column-is-layout-flow\" style=\"border-top-left-radius:5px;border-top-right-radius:5px;border-bottom-left-radius:5px;border-bottom-right-radius:5px;background-color:#ffffffa1;padding-top:var(--wp--preset--spacing--40);padding-right:var(--wp--preset--spacing--40);padding-bottom:var(--wp--preset--spacing--40);padding-left:var(--wp--preset--spacing--40)\">\n<figure class=\"wp-block-image aligncenter size-full\"><img loading=\"lazy\" decoding=\"async\" width=\"163\" height=\"145\" src=\"https:\/\/ionshield.ca\/wp-content\/uploads\/2026\/03\/img_20.png\" alt=\"\" class=\"wp-image-263\"\/><\/figure>\n\n\n\n<p class=\"has-text-align-center has-text-color has-link-color has-montserrat-font-family has-medium-font-size wp-elements-849240e7250fd868e6a2e1528f87b79d\" style=\"color:#0161b1;font-style:normal;font-weight:800\">WE BELIEVE<\/p>\n\n\n\n<p class=\"has-text-align-center has-text-color has-link-color has-montserrat-font-family has-medium-font-size wp-elements-3131201c13929289faab99280573d596\" style=\"color:#0161b1;font-style:normal;font-weight:500\">Everyone deserves to live and work in a safe and healthy environment.<\/p>\n<\/div>\n\n\n\n<div class=\"wp-block-column has-background is-layout-flow wp-block-column-is-layout-flow\" style=\"border-top-left-radius:5px;border-top-right-radius:5px;border-bottom-left-radius:5px;border-bottom-right-radius:5px;background-color:#ffffffa1;padding-top:var(--wp--preset--spacing--40);padding-right:var(--wp--preset--spacing--40);padding-bottom:var(--wp--preset--spacing--40);padding-left:var(--wp--preset--spacing--40)\">\n<figure class=\"wp-block-image aligncenter size-full\"><img loading=\"lazy\" decoding=\"async\" width=\"147\" height=\"146\" src=\"https:\/\/ionshield.ca\/wp-content\/uploads\/2026\/03\/img_21.png\" alt=\"\" class=\"wp-image-267\"\/><\/figure>\n\n\n\n<p class=\"has-text-align-center has-text-color has-link-color has-montserrat-font-family has-medium-font-size wp-elements-c719507b66dd67ef3881be578d2e0988\" style=\"color:#0161b1;font-style:normal;font-weight:800\">OUR COMMITMENT<\/p>\n\n\n\n<p class=\"has-text-align-center has-text-color has-link-color has-montserrat-font-family has-medium-font-size wp-elements-191fdb1781356fe2eb7217bc8b189232\" style=\"color:#0161b1;font-style:normal;font-weight:500\">To decontaminate environments where workers are exposed to airborne contaminants.<\/p>\n<\/div>\n\n\n\n<div class=\"wp-block-column has-background is-layout-flow wp-block-column-is-layout-flow\" style=\"border-top-left-radius:5px;border-top-right-radius:5px;border-bottom-left-radius:5px;border-bottom-right-radius:5px;background-color:#ffffffa1;padding-top:var(--wp--preset--spacing--40);padding-right:var(--wp--preset--spacing--40);padding-bottom:var(--wp--preset--spacing--40);padding-left:var(--wp--preset--spacing--40)\">\n<figure class=\"wp-block-image aligncenter size-full\"><img loading=\"lazy\" decoding=\"async\" width=\"130\" height=\"132\" src=\"https:\/\/ionshield.ca\/wp-content\/uploads\/2026\/03\/img_22.png\" alt=\"\" class=\"wp-image-268\"\/><\/figure>\n\n\n\n<p class=\"has-text-align-center has-text-color has-link-color has-montserrat-font-family has-medium-font-size wp-elements-47fdf5b7b7c3c62edec8af43e68acc04\" style=\"color:#0161b1;font-style:normal;font-weight:800\">WHAT WE OFFER<\/p>\n\n\n\n<p class=\"has-text-align-center has-text-color has-link-color has-montserrat-font-family has-medium-font-size wp-elements-ecda2c71022b792f540139780b7a5a8a\" style=\"color:#0161b1;font-style:normal;font-weight:500\">Compact systems for capturing harmful particles using negative ionization.<\/p>\n<\/div>\n<\/div>\n\n\n\n<div style=\"height:111px\" aria-hidden=\"true\" class=\"wp-block-spacer\"><\/div>\n<\/div><\/div>\n\n\n\n<div class=\"wp-block-cover alignwide is-light\"><span aria-hidden=\"true\" class=\"wp-block-cover__background has-base-background-color has-background-dim-100 has-background-dim\"><\/span><div class=\"wp-block-cover__inner-container has-global-padding is-layout-constrained wp-block-cover-is-layout-constrained\">\n<div style=\"height:63px\" aria-hidden=\"true\" class=\"wp-block-spacer\"><\/div>\n\n\n\n<div class=\"wp-block-columns alignfull is-layout-flex wp-container-core-columns-is-layout-28f84493 wp-block-columns-is-layout-flex\">\n<div class=\"wp-block-column is-layout-flow wp-block-column-is-layout-flow\" style=\"flex-basis:33.33%\">\n<p class=\"has-text-align-right has-text-color has-link-color has-montserrat-font-family has-x-large-font-size wp-elements-1608baf90a917eaaa643216668d59486\" style=\"color:#0161b1;font-style:normal;font-weight:700\">OUR STORY<\/p>\n<\/div>\n\n\n\n<div class=\"wp-block-column is-layout-flow wp-block-column-is-layout-flow\" style=\"flex-basis:66.66%\">\n<p class=\"has-text-align-left has-text-color has-link-color has-montserrat-font-family has-medium-font-size wp-elements-1300e3e3721452fdd60b8ca13db101c9\" style=\"color:#0161b1;font-style:normal;font-weight:500\">IonShield was founded during the COVID-19 pandemic, at a time when indoor air quality became a global priority. The initial goal was to develop a technology capable of capturing and neutralizing airborne viral particles.<\/p>\n\n\n\n<p class=\"has-text-align-left has-text-color has-link-color has-montserrat-font-family has-medium-font-size wp-elements-7d530eca730051cafd04f85b72d8a66a\" style=\"color:#0161b1;font-style:normal;font-weight:500\"><br>As development progressed, a broader reality emerged: industrial environments have long faced major challenges related to fumes and other harmful airborne particles.<\/p>\n\n\n\n<p class=\"has-text-align-left has-text-color has-link-color has-montserrat-font-family has-medium-font-size wp-elements-0514da8b5f675ff9d47476aea73e6258\" style=\"color:#0161b1;font-style:normal;font-weight:500\"><br>This realization marked a strategic turning point. IonShield adapted and optimized its negative ionization technology to meet industrial needs.<\/p>\n\n\n\n<p class=\"has-text-align-left has-text-color has-link-color has-montserrat-font-family has-medium-font-size wp-elements-fedc01202f0a1b648f6efc53813d67ae\" style=\"color:#0161b1;font-style:normal;font-weight:500\"><br>Today, the company is focused on transforming air quality standards in industrial environments.<\/p>\n<\/div>\n<\/div>\n\n\n\n<div style=\"height:63px\" aria-hidden=\"true\" class=\"wp-block-spacer\"><\/div>\n<\/div><\/div>\n\n\n\n<div class=\"wp-block-cover alignfull is-light\" style=\"padding-top:0;padding-right:0;padding-bottom:0;padding-left:0\"><span aria-hidden=\"true\" class=\"wp-block-cover__background has-background-dim-100 has-background-dim\" style=\"background-color:#ffc800\"><\/span><div class=\"wp-block-cover__inner-container has-global-padding is-layout-constrained wp-container-core-cover-is-layout-c3d0faaf wp-block-cover-is-layout-constrained\">\n<div class=\"wp-block-columns alignfull has-background is-layout-flex wp-container-core-columns-is-layout-28f84493 wp-block-columns-is-layout-flex\" style=\"background-color:#0161b1\">\n<div class=\"wp-block-column is-vertically-aligned-center is-layout-flow wp-container-core-column-is-layout-062e8ff5 wp-block-column-is-layout-flow\" style=\"padding-top:var(--wp--preset--spacing--40);padding-bottom:var(--wp--preset--spacing--40);flex-basis:600px\">\n<div class=\"wp-block-group has-base-background-color has-text-color has-background has-link-color wp-elements-d9688013b100a6847679c8c3ade14be5 has-global-padding is-layout-constrained wp-container-core-group-is-layout-02e2b8a3 wp-block-group-is-layout-constrained\" style=\"color:#0161b1;margin-top:0;margin-bottom:0;padding-top:var(--wp--preset--spacing--40);padding-right:var(--wp--preset--spacing--60);padding-bottom:var(--wp--preset--spacing--40);padding-left:var(--wp--preset--spacing--60)\">\n<p class=\"has-text-align-left has-text-color has-link-color has-montserrat-font-family has-large-font-size wp-elements-d1755af03c04844d76b84777e7e0dfd0\" style=\"color:#0060b1;font-style:normal;font-weight:700\">LONG-TERM VISION<\/p>\n\n\n\n<p class=\"has-text-align-left has-text-color has-link-color has-montserrat-font-family has-medium-font-size wp-elements-5db314116af7fce2db92eede7e8a4e3e\" style=\"color:#0060b1;font-style:normal;font-weight:400\">Our strategy is built on a structured progression<\/p>\n\n\n\n<div style=\"height:20px\" aria-hidden=\"true\" class=\"wp-block-spacer\"><\/div>\n\n\n\n<p class=\"has-text-align-left has-text-color has-link-color has-montserrat-font-family has-medium-font-size wp-elements-271f07a96aa689743c73a073f6674cee\" style=\"color:#0060b1;font-style:normal;font-weight:700\">1. Industry Consolidation<\/p>\n\n\n\n<p class=\"has-text-align-left has-text-color has-link-color has-montserrat-font-family has-medium-font-size wp-elements-ddb63646d81fde9eb241fb1b28af2c52\" style=\"color:#0060b1;font-style:normal;font-weight:400\">Establish ourselves as a leading reference in industrial fume capture within confined welding environments.<\/p>\n\n\n\n<div style=\"height:20px\" aria-hidden=\"true\" class=\"wp-block-spacer\"><\/div>\n\n\n\n<p class=\"has-text-align-left has-text-color has-link-color has-montserrat-font-family has-medium-font-size wp-elements-abbc37cf4f24d555329e6dece50bd949\" style=\"color:#0060b1;font-style:normal;font-weight:700\">2. Industrial Expansion<\/p>\n\n\n\n<p class=\"has-text-align-left has-text-color has-link-color has-montserrat-font-family has-medium-font-size wp-elements-445668021a77b74560e1a41b127f41b7\" style=\"color:#0060b1;font-style:normal;font-weight:400\">Expand our presence into more complex industrial environments, including mining and large-scale manufacturing facilities.<\/p>\n\n\n\n<div style=\"height:20px\" aria-hidden=\"true\" class=\"wp-block-spacer\"><\/div>\n\n\n\n<p class=\"has-text-align-left has-text-color has-link-color has-montserrat-font-family has-medium-font-size wp-elements-8eb3cdb2e5cb66525266c1cae0cc087c\" style=\"color:#0060b1;font-style:normal;font-weight:700\">3. International Deployment<\/p>\n\n\n\n<p class=\"has-text-align-left has-text-color has-link-color has-montserrat-font-family has-medium-font-size wp-elements-9bb1620c4b0adcb6f0d3114be0c62164\" style=\"color:#0060b1;font-style:normal;font-weight:400\">Build a strong national foundation, then scale internationally to position IonShield as a next-generation industrial standard.<\/p>\n<\/div>\n<\/div>\n\n\n\n<div class=\"wp-block-column is-vertically-aligned-center is-layout-flow wp-block-column-is-layout-flow\">\n<figure class=\"wp-block-image size-full\" style=\"margin-right:0;margin-left:0\"><img loading=\"lazy\" decoding=\"async\" width=\"1536\" height=\"1024\" src=\"https:\/\/ionshield.ca\/wp-content\/uploads\/2026\/03\/img_23.png\" alt=\"\" class=\"wp-image-277\" srcset=\"https:\/\/ionshield.ca\/wp-content\/uploads\/2026\/03\/img_23.png 1536w, https:\/\/ionshield.ca\/wp-content\/uploads\/2026\/03\/img_23-300x200.png 300w, https:\/\/ionshield.ca\/wp-content\/uploads\/2026\/03\/img_23-1024x683.png 1024w, https:\/\/ionshield.ca\/wp-content\/uploads\/2026\/03\/img_23-768x512.png 768w\" sizes=\"auto, (max-width: 1536px) 100vw, 1536px\" \/><\/figure>\n<\/div>\n<\/div>\n<\/div><\/div>\n\n\n\n<div class=\"wp-block-cover alignfull is-light\"><span aria-hidden=\"true\" class=\"wp-block-cover__background has-base-background-color has-background-dim-100 has-background-dim\"><\/span><div class=\"wp-block-cover__inner-container has-global-padding is-layout-constrained wp-block-cover-is-layout-constrained\">\n<div style=\"height:56px\" aria-hidden=\"true\" class=\"wp-block-spacer\"><\/div>\n\n\n\n<p class=\"has-text-align-center has-text-color has-link-color has-montserrat-font-family has-x-large-font-size wp-elements-eb792e6fd52a4b7c3f284814833ffefe\" style=\"border-style:none;border-width:0px;color:#0161b1;margin-top:var(--wp--preset--spacing--60);margin-bottom:var(--wp--preset--spacing--60);font-style:normal;font-weight:700\">TEAM<\/p>\n\n\n\n<div class=\"wp-block-columns alignwide is-layout-flex wp-container-core-columns-is-layout-7503d02c wp-block-columns-is-layout-flex\">\n<div class=\"wp-block-column is-vertically-aligned-center is-layout-flow wp-block-column-is-layout-flow\" style=\"padding-top:0;padding-bottom:0\">\n<figure class=\"wp-block-image alignright size-full is-resized\"><img loading=\"lazy\" decoding=\"async\" width=\"566\" height=\"722\" src=\"https:\/\/ionshield.ca\/wp-content\/uploads\/2026\/04\/Screenshot-2026-04-03-at-12.29.34-PM.png\" alt=\"\" class=\"wp-image-732\" style=\"aspect-ratio:0.7839381469011099;width:274px;height:auto\" srcset=\"https:\/\/ionshield.ca\/wp-content\/uploads\/2026\/04\/Screenshot-2026-04-03-at-12.29.34-PM.png 566w, https:\/\/ionshield.ca\/wp-content\/uploads\/2026\/04\/Screenshot-2026-04-03-at-12.29.34-PM-235x300.png 235w\" sizes=\"auto, (max-width: 566px) 100vw, 566px\" \/><\/figure>\n<\/div>\n\n\n\n<div class=\"wp-block-column is-vertically-aligned-center is-layout-flow wp-container-core-column-is-layout-9f862740 wp-block-column-is-layout-flow\" style=\"padding-top:0;padding-right:var(--wp--preset--spacing--40);padding-bottom:0;padding-left:var(--wp--preset--spacing--40)\">\n<p class=\"has-text-color has-link-color has-montserrat-font-family has-large-font-size wp-elements-8c06ccd02dbdb31055a1f0c18986a492\" style=\"color:#0161b1;font-style:normal;font-weight:700\">JEAN-MICHEL LAMBERT<\/p>\n\n\n\n<p class=\"has-text-color has-link-color has-montserrat-font-family has-medium-font-size wp-elements-f1e55f5f78e5e862f26dee80978e0761\" style=\"color:#01adef;font-style:normal;font-weight:500\">Founder &amp; CEO<\/p>\n\n\n\n<div style=\"height:16px\" aria-hidden=\"true\" class=\"wp-block-spacer\"><\/div>\n\n\n\n<p class=\"has-text-color has-link-color has-montserrat-font-family has-medium-font-size wp-elements-b3e670f3d6df89ecc11cf36a73efca85\" style=\"color:#0161b1;font-style:normal;font-weight:400\">Mechanical engineer with over 7 years of experience in industrial design and complex systems development, and more than 8 years in entrepreneurship. Jean-Michel has worked in advanced manufacturing environments and at IonShield, he leads technology development and the optimization of particle capture systems.<\/p>\n<\/div>\n<\/div>\n\n\n\n<div class=\"wp-block-columns alignwide is-layout-flex wp-container-core-columns-is-layout-455a2e0d wp-block-columns-is-layout-flex\" style=\"padding-right:0;padding-left:0\">\n<div class=\"wp-block-column is-vertically-aligned-center is-layout-flow wp-block-column-is-layout-flow\">\n<figure class=\"wp-block-image alignright size-full is-resized\" style=\"margin-top:var(--wp--preset--spacing--50);margin-bottom:var(--wp--preset--spacing--50)\"><img loading=\"lazy\" decoding=\"async\" width=\"566\" height=\"710\" src=\"https:\/\/ionshield.ca\/wp-content\/uploads\/2026\/04\/Screenshot-2026-04-03-at-12.29.48-PM.png\" alt=\"\" class=\"wp-image-733\" style=\"aspect-ratio:0.7971797407999188;width:275px;height:auto\" srcset=\"https:\/\/ionshield.ca\/wp-content\/uploads\/2026\/04\/Screenshot-2026-04-03-at-12.29.48-PM.png 566w, https:\/\/ionshield.ca\/wp-content\/uploads\/2026\/04\/Screenshot-2026-04-03-at-12.29.48-PM-239x300.png 239w\" sizes=\"auto, (max-width: 566px) 100vw, 566px\" \/><\/figure>\n<\/div>\n\n\n\n<div class=\"wp-block-column is-vertically-aligned-center is-layout-flow wp-container-core-column-is-layout-5a9dad93 wp-block-column-is-layout-flow\" style=\"padding-right:var(--wp--preset--spacing--40);padding-left:var(--wp--preset--spacing--40)\">\n<p class=\"has-text-color has-link-color has-montserrat-font-family has-large-font-size wp-elements-45f5e403a46607ccaf23b154543e6167\" style=\"color:#0161b1;font-style:normal;font-weight:700\">WILLIAM BOUCHER<\/p>\n\n\n\n<p class=\"has-text-color has-link-color has-montserrat-font-family has-medium-font-size wp-elements-feeb95757333d6f056a4701672414163\" style=\"color:#01adef;font-style:normal;font-weight:500\">Marketing &amp; Business Development Manager<\/p>\n\n\n\n<div style=\"height:16px\" aria-hidden=\"true\" class=\"wp-block-spacer\"><\/div>\n\n\n\n<p class=\"has-text-color has-link-color has-montserrat-font-family has-medium-font-size wp-elements-b5ff14caccae17362c75810370765eb3\" style=\"color:#0161b1;font-style:normal;font-weight:400\">With a background in business administration and entrepreneurship, William leads IonShield\u2019s growth strategy. He oversees market development, strategic partnerships, and commercialization initiatives. He is responsible for positioning IonShield as an innovative industrial solution among clients, partners, and investors.<\/p>\n<\/div>\n<\/div>\n\n\n\n<hr class=\"wp-block-separator has-alpha-channel-opacity\"\/>\n<\/div><\/div>","protected":false},"excerpt":{"rendered":"<p>IonShield est une entreprise technologique bas\u00e9e \u00e0 Sherbrooke, Qu\u00e9bec, sp\u00e9cialis\u00e9e dans le d\u00e9veloppement de syst\u00e8mes industriels de captation des particules n\u00e9fastes. Nous concevons des solutions utilisant l\u2019ionisation n\u00e9gative pour capter les particules de fum\u00e9e \u00e0 la source et les transformer en s\u00e9diments, r\u00e9duisant ainsi la d\u00e9pendance aux syst\u00e8mes de ventilation \u00e9nergivores. Nous tenons \u00e0 am\u00e9liorer [&hellip;]<\/p>\n","protected":false},"author":1,"featured_media":0,"parent":0,"menu_order":0,"comment_status":"closed","ping_status":"closed","template":"page-no-title","meta":{"footnotes":""},"class_list":["post-139","page","type-page","status-publish","hentry"],"_links":{"self":[{"href":"https:\/\/ionshield.ca\/en\/wp-json\/wp\/v2\/pages\/139","targetHints":{"allow":["GET"]}}],"collection":[{"href":"https:\/\/ionshield.ca\/en\/wp-json\/wp\/v2\/pages"}],"about":[{"href":"https:\/\/ionshield.ca\/en\/wp-json\/wp\/v2\/types\/page"}],"author":[{"embeddable":true,"href":"https:\/\/ionshield.ca\/en\/wp-json\/wp\/v2\/users\/1"}],"replies":[{"embeddable":true,"href":"https:\/\/ionshield.ca\/en\/wp-json\/wp\/v2\/comments?post=139"}],"version-history":[{"count":113,"href":"https:\/\/ionshield.ca\/en\/wp-json\/wp\/v2\/pages\/139\/revisions"}],"predecessor-version":[{"id":836,"href":"https:\/\/ionshield.ca\/en\/wp-json\/wp\/v2\/pages\/139\/revisions\/836"}],"wp:attachment":[{"href":"https:\/\/ionshield.ca\/en\/wp-json\/wp\/v2\/media?parent=139"}],"curies":[{"name":"wp","href":"https:\/\/api.w.org\/{rel}","templated":true}]}}