{"id":142,"date":"2026-03-14T17:50:29","date_gmt":"2026-03-14T17:50:29","guid":{"rendered":"http:\/\/ionshield.local\/?page_id=142"},"modified":"2026-04-16T18:47:18","modified_gmt":"2026-04-16T18:47:18","slug":"la-technologie","status":"publish","type":"page","link":"https:\/\/ionshield.ca\/en\/la-technologie\/","title":{"rendered":"The Technology"},"content":{"rendered":"<div class=\"wp-block-cover alignfull has-parallax\" style=\"margin-top:0;margin-bottom:0;min-height:635px;aspect-ratio:unset;\"><div class=\"wp-block-cover__image-background wp-image-354 size-full has-parallax\" style=\"background-position:50% 50%;background-image:url(https:\/\/ionshield.ca\/wp-content\/uploads\/2026\/03\/img_28.jpg)\"><\/div><span aria-hidden=\"true\" class=\"wp-block-cover__background has-background-dim-60 has-background-dim\" style=\"background-color:#0161b1\"><\/span><div class=\"wp-block-cover__inner-container has-global-padding is-layout-constrained wp-block-cover-is-layout-constrained\">\n<div class=\"wp-block-columns alignwide is-layout-flex wp-container-core-columns-is-layout-28f84493 wp-block-columns-is-layout-flex\">\n<div class=\"wp-block-column is-layout-flow wp-block-column-is-layout-flow\"><\/div>\n\n\n\n<div class=\"wp-block-column is-layout-flow wp-block-column-is-layout-flow\">\n<p class=\"has-text-align-right has-base-color has-text-color has-link-color has-montserrat-font-family wp-elements-8f02d4b7b01e633fa8c20bae8d25cb8a\" style=\"font-size:clamp(1.93rem, 1.93rem + ((1vw - 0.2rem) * 2.306), 3.4rem);font-style:normal;font-weight:700\">Negative Ionization<\/p>\n\n\n\n<p class=\"has-text-align-right has-base-color has-text-color has-link-color has-montserrat-font-family wp-elements-68a02c16aa6ef5fe197c4bad3ac72e99\" style=\"font-size:clamp(1.039rem, 1.039rem + ((1vw - 0.2rem) * 0.88), 1.6rem);font-style:normal;font-weight:600\">The system generates negative ions that bind to harmful particles present in the air. This process modifies the electrical charge of the particles and promotes their agglomeration.<\/p>\n<\/div>\n<\/div>\n<\/div><\/div>\n\n\n\n<div class=\"wp-block-cover alignfull is-light\" style=\"min-height:443px;aspect-ratio:unset;\"><span aria-hidden=\"true\" class=\"wp-block-cover__background has-base-background-color has-background-dim-100 has-background-dim\"><\/span><div class=\"wp-block-cover__inner-container has-global-padding is-layout-constrained wp-block-cover-is-layout-constrained\">\n<div class=\"wp-block-columns alignfull is-layout-flex wp-container-core-columns-is-layout-ec2e7a44 wp-block-columns-is-layout-flex\" style=\"padding-top:0;padding-bottom:0\">\n<div class=\"wp-block-column is-vertically-aligned-center is-layout-flow wp-block-column-is-layout-flow\" style=\"padding-top:0;padding-bottom:0;flex-basis:60%\">\n<figure class=\"wp-block-video\"><video height=\"650\" style=\"aspect-ratio: 1500 \/ 650;\" width=\"1500\" autoplay loop muted src=\"https:\/\/ionshield.ca\/wp-content\/uploads\/2026\/04\/video_3.mp4\" playsinline><\/video><\/figure>\n<\/div>\n\n\n\n<div class=\"wp-block-column is-vertically-aligned-center is-layout-flow wp-block-column-is-layout-flow\">\n<p class=\"has-text-color has-link-color has-montserrat-font-family has-large-font-size wp-elements-254ff039cd03ecf98e611f5422275dfa\" style=\"color:#0161b1;font-style:normal;font-weight:700\">HOW IT WORKS<\/p>\n\n\n\n<p class=\"has-text-color has-link-color has-montserrat-font-family has-large-font-size wp-elements-ac070df8c0734e9147149883708ccd0b\" style=\"color:#0161b1;font-style:normal;font-weight:500\">1 \u2013 Negative ionization<\/p>\n\n\n\n<p class=\"has-text-color has-link-color has-montserrat-font-family has-large-font-size wp-elements-c52fcf517c0838e956317797b3095258\" style=\"color:#0161b1;font-style:normal;font-weight:500\">2 \u2013 Capture of harmful particles<\/p>\n\n\n\n<p class=\"has-text-color has-link-color has-montserrat-font-family has-large-font-size wp-elements-d3afe07c803be385c815c6312c8c7907\" style=\"color:#0161b1;font-style:normal;font-weight:500\">3 \u2013 Transformation into sediments<\/p>\n\n\n\n<p class=\"has-text-color has-link-color has-montserrat-font-family has-large-font-size wp-elements-a04e301f8dcbea243d676b8edc8664dc\" style=\"color:#0161b1;font-style:normal;font-weight:500\">4 \u2013 Collection in a retention tray<\/p>\n<\/div>\n<\/div>\n\n\n\n<p class=\"has-text-align-center has-large-font-size\"><\/p>\n<\/div><\/div>\n\n\n\n<div class=\"wp-block-cover alignfull is-light\" style=\"padding-top:0;padding-right:0;padding-bottom:0;padding-left:0;min-height:368px;aspect-ratio:unset;\"><span aria-hidden=\"true\" class=\"wp-block-cover__background has-base-background-color has-background-dim-100 has-background-dim\"><\/span><div class=\"wp-block-cover__inner-container has-global-padding is-layout-constrained wp-container-core-cover-is-layout-91436d4e wp-block-cover-is-layout-constrained\">\n<div class=\"wp-block-columns alignfull is-layout-flex wp-container-core-columns-is-layout-db27d905 wp-block-columns-is-layout-flex\" style=\"margin-top:0;margin-bottom:0;padding-top:0;padding-right:0;padding-bottom:0;padding-left:0\">\n<div class=\"wp-block-column is-layout-flow wp-container-core-column-is-layout-b2a27621 wp-block-column-is-layout-flow\" style=\"padding-top:0;padding-right:0;padding-bottom:0;padding-left:0\">\n<figure class=\"wp-block-image size-large\"><img loading=\"lazy\" decoding=\"async\" width=\"1024\" height=\"576\" src=\"https:\/\/ionshield.ca\/wp-content\/uploads\/2026\/04\/Screenshot-2026-04-16-at-2.59.08-PM.png\" alt=\"\" class=\"wp-image-392\" srcset=\"https:\/\/ionshield.ca\/wp-content\/uploads\/2026\/04\/Screenshot-2026-04-16-at-2.59.08-PM.png 1240w, https:\/\/ionshield.ca\/wp-content\/uploads\/2026\/04\/Screenshot-2026-04-16-at-2.59.08-PM-300x169.png 300w, https:\/\/ionshield.ca\/wp-content\/uploads\/2026\/04\/Screenshot-2026-04-16-at-2.59.08-PM-1024x576.png 1024w, https:\/\/ionshield.ca\/wp-content\/uploads\/2026\/04\/Screenshot-2026-04-16-at-2.59.08-PM-768x432.png 768w, https:\/\/ionshield.ca\/wp-content\/uploads\/2026\/04\/Screenshot-2026-04-16-at-2.59.08-PM-18x10.png 18w\" sizes=\"auto, (max-width: 1024px) 100vw, 1024px\" \/><\/figure>\n<\/div>\n\n\n\n<div class=\"wp-block-column is-layout-flow wp-container-core-column-is-layout-b2a27621 wp-block-column-is-layout-flow\" style=\"padding-top:0;padding-right:0;padding-bottom:0;padding-left:0\">\n<figure class=\"wp-block-image size-large\"><img loading=\"lazy\" decoding=\"async\" width=\"1024\" height=\"576\" src=\"https:\/\/ionshield.ca\/wp-content\/uploads\/2026\/04\/Screenshot-2026-04-16-at-3.01.42-PM.png\" alt=\"\" class=\"wp-image-394\" srcset=\"https:\/\/ionshield.ca\/wp-content\/uploads\/2026\/04\/Screenshot-2026-04-16-at-3.01.42-PM.png 1239w, https:\/\/ionshield.ca\/wp-content\/uploads\/2026\/04\/Screenshot-2026-04-16-at-3.01.42-PM-300x169.png 300w, https:\/\/ionshield.ca\/wp-content\/uploads\/2026\/04\/Screenshot-2026-04-16-at-3.01.42-PM-1024x576.png 1024w, https:\/\/ionshield.ca\/wp-content\/uploads\/2026\/04\/Screenshot-2026-04-16-at-3.01.42-PM-768x432.png 768w, https:\/\/ionshield.ca\/wp-content\/uploads\/2026\/04\/Screenshot-2026-04-16-at-3.01.42-PM-18x10.png 18w\" sizes=\"auto, (max-width: 1024px) 100vw, 1024px\" \/><\/figure>\n<\/div>\n<\/div>\n<\/div><\/div>\n\n\n\n<div class=\"wp-block-cover alignfull is-light has-parallax\" style=\"margin-top:0;margin-bottom:0;padding-top:0;padding-bottom:0\"><div class=\"wp-block-cover__image-background wp-image-397 size-large has-parallax\" style=\"background-position:50% 50%;background-image:url(https:\/\/ionshield.ca\/wp-content\/uploads\/2026\/03\/img_11-3-1024x576.jpg)\"><\/div><span aria-hidden=\"true\" class=\"wp-block-cover__background has-base-background-color has-background-dim-0 has-background-dim\"><\/span><div class=\"wp-block-cover__inner-container has-global-padding is-layout-constrained wp-block-cover-is-layout-constrained\">\n<div style=\"height:60px\" aria-hidden=\"true\" class=\"wp-block-spacer\"><\/div>\n\n\n\n<div class=\"wp-block-group alignwide is-content-justification-center is-nowrap is-layout-flex wp-container-core-group-is-layout-3ec2e3d7 wp-block-group-is-layout-flex\" style=\"padding-top:0;padding-right:0;padding-bottom:0;padding-left:0\">\n<figure class=\"wp-block-image size-full\" style=\"margin-right:var(--wp--preset--spacing--60);margin-left:var(--wp--preset--spacing--60)\"><img loading=\"lazy\" decoding=\"async\" width=\"159\" height=\"199\" src=\"https:\/\/ionshield.ca\/wp-content\/uploads\/2026\/03\/img_31.png\" alt=\"\" class=\"wp-image-400\"\/><\/figure>\n\n\n\n<div class=\"wp-block-group has-global-padding is-layout-constrained wp-block-group-is-layout-constrained\">\n<p class=\"has-contrast-color has-text-color has-link-color has-montserrat-font-family has-large-font-size wp-elements-35ff1e7e036c4d67888d397382023510\" style=\"font-style:normal;font-weight:700\">ELECTROSTATIC PRECIPITATION AND CAPTURE<\/p>\n\n\n\n<p class=\"has-contrast-color has-text-color has-link-color has-montserrat-font-family has-large-font-size wp-elements-a80139586eee3c2f7d5aaa9ebfc7d99a\" style=\"font-style:normal;font-weight:500\">Once charged, the particles undergo an electrostatic precipitation process: they are attracted to collection surfaces or aggregate with ambient humidity. This mechanism enables contaminants to be captured directly at the source, before they disperse into the work environment.<\/p>\n<\/div>\n<\/div>\n\n\n\n<div style=\"height:60px\" aria-hidden=\"true\" class=\"wp-block-spacer\"><\/div>\n\n\n\n<div class=\"wp-block-group alignfull is-content-justification-center is-nowrap is-layout-flex wp-container-core-group-is-layout-3ec2e3d7 wp-block-group-is-layout-flex\" style=\"padding-top:0;padding-right:0;padding-bottom:0;padding-left:0\">\n<figure class=\"wp-block-image size-full\" style=\"margin-right:var(--wp--preset--spacing--50);margin-left:var(--wp--preset--spacing--50)\"><img loading=\"lazy\" decoding=\"async\" width=\"214\" height=\"184\" src=\"https:\/\/ionshield.ca\/wp-content\/uploads\/2026\/03\/img_32.png\" alt=\"\" class=\"wp-image-403\"\/><\/figure>\n\n\n\n<div class=\"wp-block-group has-global-padding is-layout-constrained wp-block-group-is-layout-constrained\">\n<p class=\"has-contrast-color has-text-color has-link-color has-montserrat-font-family has-large-font-size wp-elements-3b61798ec270fdcf905b41f1e6068810\" style=\"font-style:normal;font-weight:700\">AGGLOMERATION AND DENSITY PROCESS<\/p>\n\n\n\n<p class=\"has-contrast-color has-text-color has-link-color has-montserrat-font-family has-large-font-size wp-elements-a80b19b2ffe6c30cfa2ceb41825df0e8\" style=\"font-style:normal;font-weight:500\">Ionization promotes the agglomeration of water molecules onto pollutants, increasing their volumetric density. This phenomenon makes particles heavier and reduces fume volatility: welding microparticles cluster into larger agglomerates that settle rapidly. These deposits on the ground are easier to clean than fine airborne dust, remaining outside the workers\u2019 breathing zone.<\/p>\n<\/div>\n<\/div>\n\n\n\n<div style=\"height:60px\" aria-hidden=\"true\" class=\"wp-block-spacer\"><\/div>\n\n\n\n<div class=\"wp-block-group alignwide is-content-justification-center is-nowrap is-layout-flex wp-container-core-group-is-layout-3ec2e3d7 wp-block-group-is-layout-flex\" style=\"padding-top:0;padding-right:0;padding-bottom:0;padding-left:0\">\n<figure class=\"wp-block-image size-full\" style=\"margin-right:var(--wp--preset--spacing--50);margin-left:var(--wp--preset--spacing--50)\"><img loading=\"lazy\" decoding=\"async\" width=\"199\" height=\"199\" src=\"https:\/\/ionshield.ca\/wp-content\/uploads\/2026\/03\/img_33.png\" alt=\"\" class=\"wp-image-406\" srcset=\"https:\/\/ionshield.ca\/wp-content\/uploads\/2026\/03\/img_33.png 199w, https:\/\/ionshield.ca\/wp-content\/uploads\/2026\/03\/img_33-150x150.png 150w\" sizes=\"auto, (max-width: 199px) 100vw, 199px\" \/><\/figure>\n\n\n\n<div class=\"wp-block-group has-global-padding is-layout-constrained wp-block-group-is-layout-constrained\">\n<p class=\"has-contrast-color has-text-color has-link-color has-montserrat-font-family has-large-font-size wp-elements-bd46f5513b3050160da392d3700a681f\" style=\"font-style:normal;font-weight:700\">ENERGY EFFICIENCY<\/p>\n\n\n\n<p class=\"has-contrast-color has-text-color has-link-color has-montserrat-font-family has-large-font-size wp-elements-07266593bb240b435faff713deb867f4\" style=\"font-style:normal;font-weight:500\">Unlike traditional high-airflow ventilation systems, <strong>IonShield<\/strong> technology acts locally at the source by neutralizing fumes through physical interaction. By limiting dispersion, it significantly reduces the need for large-scale air extraction and, consequently, the associated energy consumption.<\/p>\n<\/div>\n<\/div>\n\n\n\n<div style=\"height:60px\" aria-hidden=\"true\" class=\"wp-block-spacer\"><\/div>\n<\/div><\/div>\n\n\n\n<div class=\"wp-block-columns alignfull has-base-background-color has-text-color has-background has-link-color wp-elements-a9aee872a3373a28bae3a685fd57e3a3 is-layout-flex wp-container-core-columns-is-layout-b7d3bec8 wp-block-columns-is-layout-flex\" style=\"color:#0161b1;margin-top:0;margin-bottom:0;padding-top:0;padding-right:0px;padding-bottom:0;padding-left:0px\">\n<div class=\"wp-block-column is-vertically-aligned-center is-layout-flow wp-block-column-is-layout-flow\" style=\"padding-right:0;padding-left:0;flex-basis:50%\">\n<p class=\"has-text-align-left has-text-color has-link-color has-montserrat-font-family wp-elements-2c8de08417a91d2e1704eec046e93121\" style=\"color:#0161b1;padding-right:var(--wp--preset--spacing--60);padding-left:var(--wp--preset--spacing--60);font-size:clamp(1.25rem, 1.25rem + ((1vw - 0.2rem) * 1.176), 2rem);font-style:normal;font-weight:400\"><strong>Up to 50%<\/strong><\/p>\n\n\n\n<p class=\"has-text-align-left has-text-color has-link-color has-montserrat-font-family has-medium-font-size wp-elements-01f7907deff89300708229fc3f1bc788\" style=\"color:#0161b1;padding-right:var(--wp--preset--spacing--60);padding-left:var(--wp--preset--spacing--60);font-style:normal;font-weight:500\">reduction in GHG emissions related to heating<\/p>\n\n\n\n<p class=\"has-text-align-left has-text-color has-link-color has-montserrat-font-family has-medium-font-size wp-elements-6710585c74dba928b95199d228ffe9f4\" style=\"color:#0161b1;margin-right:0;margin-left:0;padding-right:var(--wp--preset--spacing--60);padding-left:var(--wp--preset--spacing--60);font-style:normal;font-weight:500\">By reducing ventilation and heating requirements, IonShield lowers energy consumption in industrial environments.<\/p>\n<\/div>\n\n\n\n<div class=\"wp-block-column is-layout-flow wp-block-column-is-layout-flow\" style=\"padding-right:0;padding-left:0;flex-basis:66.66%\">\n<figure class=\"wp-block-image alignright size-large is-resized\" style=\"margin-right:0;margin-left:0\"><img loading=\"lazy\" decoding=\"async\" width=\"1024\" height=\"540\" src=\"https:\/\/ionshield.ca\/wp-content\/uploads\/2026\/03\/img_40-1024x540.jpg\" alt=\"\" class=\"wp-image-424\" style=\"aspect-ratio:1.8962783994574433;width:856px;height:auto\" srcset=\"https:\/\/ionshield.ca\/wp-content\/uploads\/2026\/03\/img_40-1024x540.jpg 1024w, https:\/\/ionshield.ca\/wp-content\/uploads\/2026\/03\/img_40-300x158.jpg 300w, https:\/\/ionshield.ca\/wp-content\/uploads\/2026\/03\/img_40-768x405.jpg 768w, https:\/\/ionshield.ca\/wp-content\/uploads\/2026\/03\/img_40.jpg 1200w\" sizes=\"auto, (max-width: 1024px) 100vw, 1024px\" \/><\/figure>\n<\/div>\n<\/div>\n\n\n\n<div class=\"wp-block-columns alignfull is-layout-flex wp-container-core-columns-is-layout-f0342b05 wp-block-columns-is-layout-flex\" style=\"margin-top:0;margin-bottom:0\">\n<div class=\"wp-block-column is-vertically-aligned-center is-layout-flow wp-block-column-is-layout-flow\" style=\"padding-top:0;padding-right:0;padding-bottom:0;padding-left:0;flex-basis:66.66%\">\n<figure class=\"wp-block-image size-large\" style=\"margin-top:0;margin-bottom:0\"><img loading=\"lazy\" decoding=\"async\" width=\"1024\" height=\"540\" src=\"https:\/\/ionshield.ca\/wp-content\/uploads\/2026\/04\/Screenshot-2026-04-16-at-2.53.05-PM.png\" alt=\"\" class=\"wp-image-813\" srcset=\"https:\/\/ionshield.ca\/wp-content\/uploads\/2026\/04\/Screenshot-2026-04-16-at-2.53.05-PM.png 1088w, https:\/\/ionshield.ca\/wp-content\/uploads\/2026\/04\/Screenshot-2026-04-16-at-2.53.05-PM-300x158.png 300w, https:\/\/ionshield.ca\/wp-content\/uploads\/2026\/04\/Screenshot-2026-04-16-at-2.53.05-PM-1024x540.png 1024w, https:\/\/ionshield.ca\/wp-content\/uploads\/2026\/04\/Screenshot-2026-04-16-at-2.53.05-PM-768x405.png 768w, https:\/\/ionshield.ca\/wp-content\/uploads\/2026\/04\/Screenshot-2026-04-16-at-2.53.05-PM-18x9.png 18w\" sizes=\"auto, (max-width: 1024px) 100vw, 1024px\" \/><\/figure>\n<\/div>\n\n\n\n<div class=\"wp-block-column is-vertically-aligned-center is-layout-flow wp-block-column-is-layout-flow\" style=\"padding-top:0;padding-bottom:0;flex-basis:33.33%\">\n<p class=\"has-text-color has-link-color has-montserrat-font-family has-large-font-size wp-elements-ddc35af48ed4d9e4c5ec2a93a5e9116e\" style=\"color:#0161b1;font-style:normal;font-weight:700\">Upcoming Technologies<\/p>\n\n\n\n<p class=\"has-text-color has-link-color has-montserrat-font-family has-medium-font-size wp-elements-63733f95085054a3ab2976c3f81ecfce\" style=\"color:#0161b1;font-style:normal;font-weight:500\">We plan to integrate a digital monitoring platform that will provide access to real-time performance data.<\/p>\n<\/div>\n\n\n\n<div class=\"wp-block-column is-layout-flow wp-block-column-is-layout-flow\" style=\"flex-basis:50px\"><\/div>\n<\/div>\n\n\n\n<div class=\"wp-block-cover alignfull\" style=\"margin-top:0;margin-bottom:0;padding-top:0;padding-bottom:0\"><img loading=\"lazy\" decoding=\"async\" width=\"1024\" height=\"574\" class=\"wp-block-cover__image-background wp-image-456 size-large\" alt=\"\" src=\"https:\/\/ionshield.ca\/wp-content\/uploads\/2026\/03\/img_34-1-1024x574.jpg\" data-object-fit=\"cover\" srcset=\"https:\/\/ionshield.ca\/wp-content\/uploads\/2026\/03\/img_34-1-1024x574.jpg 1024w, https:\/\/ionshield.ca\/wp-content\/uploads\/2026\/03\/img_34-1-300x168.jpg 300w, https:\/\/ionshield.ca\/wp-content\/uploads\/2026\/03\/img_34-1-768x430.jpg 768w, https:\/\/ionshield.ca\/wp-content\/uploads\/2026\/03\/img_34-1-1536x861.jpg 1536w, https:\/\/ionshield.ca\/wp-content\/uploads\/2026\/03\/img_34-1-2048x1148.jpg 2048w\" sizes=\"auto, (max-width: 1024px) 100vw, 1024px\" \/><span aria-hidden=\"true\" class=\"wp-block-cover__background has-background-dim-70 has-background-dim\" style=\"background-color:#356595\"><\/span><div class=\"wp-block-cover__inner-container has-global-padding is-layout-constrained wp-block-cover-is-layout-constrained\">\n<div style=\"height:88px\" aria-hidden=\"true\" class=\"wp-block-spacer\"><\/div>\n\n\n\n<p class=\"has-text-align-center has-base-color has-text-color has-link-color has-montserrat-font-family wp-elements-407b5e3c35e7dbfeb59ab7198fd9532c\" style=\"font-size:clamp(1.551rem, 1.551rem + ((1vw - 0.2rem) * 1.645), 2.6rem);font-style:normal;font-weight:700\">Industrial Applications<\/p>\n\n\n\n<div class=\"img-buttons-grid\">\n\n  <a href=\"\/en\/secteur-soudage\/\" class=\"img-button\">\n    <img decoding=\"async\" src=\"\/wp-content\/uploads\/2026\/03\/img_35.jpg\" alt=\"Soudage\" \/>\n    <span class=\"img-button-title\">CONFINED SPACES<\/span>\n  <\/a>\n\n  <a href=\"\/en\/secteur-manufacturier\/\" class=\"img-button\">\n    <img decoding=\"async\" src=\"\/wp-content\/uploads\/2026\/03\/img_36.jpg\" alt=\"Manufacturier\" \/>\n    <span class=\"img-button-title\">MANUFACTURING<\/span>\n  <\/a>\n\n  <a href=\"\/en\/secteur-mines\/\" class=\"img-button\">\n    <img decoding=\"async\" src=\"\/wp-content\/uploads\/2026\/03\/Mines-1-scaled.png\" alt=\"Titre 3\" \/>\n    <span class=\"img-button-title\">MINING<\/span>\n  <\/a>\n\n  <a href=\"\/en\/secteur-naval\/\" class=\"img-button\">\n    <img decoding=\"async\" src=\"\/wp-content\/uploads\/2026\/03\/img_38.jpg\" alt=\"Titre 4\" \/>\n    <span class=\"img-button-title\">NAVAL<\/span>\n  <\/a>\n\n<\/div>\n\n<style>\n.img-buttons-grid {\n  display: grid;\n  grid-template-columns: repeat(2, 1fr);\n  gap: 20px;\n  max-width: 700px;\n  margin: 0 auto;\n  padding: 20px;\n}\n\n.img-button {\n  position: relative;\n  display: block;\n  width: 100%;\n  aspect-ratio: 1 \/ 1;\n  overflow: hidden;\n  text-decoration: none;\n  border-radius: 4px;\n}\n\n.img-button img {\n  width: 100%;\n  height: 100%;\n  object-fit: cover;\n  display: block;\n  filter: grayscale(100%);\n  transition: filter 0.4s ease, transform 0.4s ease;\n}\n\n.img-button:hover img {\n  filter: grayscale(0%);\n  transform: scale(1.05);\n}\n\n.img-button-title {\n  position: absolute;\n  bottom: 0;\n  left: 0;\n  width: 100%;\n  padding: 20px;\n  color: white;\n  font-size: 1.4rem;\n  font-weight: bold;\n  text-align: center;\n  background: linear-gradient(transparent, rgba(0,0,0,0.55));\n  box-sizing: border-box;\n}\n<\/style>\n\n\n\n<div style=\"height:88px\" aria-hidden=\"true\" class=\"wp-block-spacer\"><\/div>\n<\/div><\/div>\n\n\n\n<p><\/p>","protected":false},"excerpt":{"rendered":"<p>Jusqu\u2019\u00e0 50% de r\u00e9duction des GES li\u00e9s au chauffage En r\u00e9duisant les besoins en ventilation et en chauffage, IonShield diminue la consommation \u00e9nerg\u00e9tique des environnements industriels. Technologies \u00e0 venir Nous pr\u00e9voyons l\u2019int\u00e9gration d\u2019une plateforme num\u00e9rique de suivi permettant d\u2019acc\u00e9der \u00e0 des donn\u00e9es de performance en temps r\u00e9el.<\/p>","protected":false},"author":1,"featured_media":0,"parent":0,"menu_order":0,"comment_status":"closed","ping_status":"closed","template":"page-no-title","meta":{"footnotes":""},"class_list":["post-142","page","type-page","status-publish","hentry"],"_links":{"self":[{"href":"https:\/\/ionshield.ca\/en\/wp-json\/wp\/v2\/pages\/142","targetHints":{"allow":["GET"]}}],"collection":[{"href":"https:\/\/ionshield.ca\/en\/wp-json\/wp\/v2\/pages"}],"about":[{"href":"https:\/\/ionshield.ca\/en\/wp-json\/wp\/v2\/types\/page"}],"author":[{"embeddable":true,"href":"https:\/\/ionshield.ca\/en\/wp-json\/wp\/v2\/users\/1"}],"replies":[{"embeddable":true,"href":"https:\/\/ionshield.ca\/en\/wp-json\/wp\/v2\/comments?post=142"}],"version-history":[{"count":115,"href":"https:\/\/ionshield.ca\/en\/wp-json\/wp\/v2\/pages\/142\/revisions"}],"predecessor-version":[{"id":837,"href":"https:\/\/ionshield.ca\/en\/wp-json\/wp\/v2\/pages\/142\/revisions\/837"}],"wp:attachment":[{"href":"https:\/\/ionshield.ca\/en\/wp-json\/wp\/v2\/media?parent=142"}],"curies":[{"name":"wp","href":"https:\/\/api.w.org\/{rel}","templated":true}]}}