{"id":6,"date":"2026-03-14T13:08:02","date_gmt":"2026-03-14T13:08:02","guid":{"rendered":"http:\/\/ionshield.local\/?page_id=6"},"modified":"2026-04-17T17:13:22","modified_gmt":"2026-04-17T17:13:22","slug":"accueil","status":"publish","type":"page","link":"https:\/\/ionshield.ca\/en\/","title":{"rendered":"Accueil"},"content":{"rendered":"<div class=\"wp-block-cover alignfull is-light\" style=\"min-height:975px;aspect-ratio:unset;\"><video class=\"wp-block-cover__video-background intrinsic-ignore\" autoplay muted loop playsinline src=\"https:\/\/ionshield.ca\/wp-content\/uploads\/2026\/04\/8025541-uhd_3840_2160_24fps.mp4\" data-object-fit=\"cover\"><\/video><span aria-hidden=\"true\" class=\"wp-block-cover__background has-base-background-color has-background-dim-20 has-background-dim\"><\/span><div class=\"wp-block-cover__inner-container has-global-padding is-layout-constrained wp-block-cover-is-layout-constrained\">\n<h2 class=\"wp-block-heading has-text-align-center has-text-color has-link-color has-montserrat-font-family wp-elements-0fc5f49cba385330720bdd50e6895cac\" style=\"color:#0060b1;font-size:clamp(1.092rem, 1.092rem + ((1vw - 0.2rem) * 0.954), 1.7rem);font-style:normal;font-weight:700\">Advanced Airborne Particle Capture Systems<\/h2>\n\n\n\n<h2 class=\"wp-block-heading alignfull has-text-align-center has-text-color has-link-color has-montserrat-font-family wp-elements-b7bfd96fa40d8a431a3afcbf33e46698\" style=\"color:#0060b1;font-size:clamp(2.587rem, 2.587rem + ((1vw - 0.2rem) * 3.628), 4.9rem);font-style:normal;font-weight:700\">The Invisible Protection<\/h2>\n\n\n\n<h2 class=\"wp-block-heading alignwide has-text-align-center has-text-color has-link-color has-montserrat-font-family wp-elements-37b3c60a8355c294de38aa3e5975a6b1\" style=\"color:#0060b1;font-size:clamp(1.092rem, 1.092rem + ((1vw - 0.2rem) * 0.954), 1.7rem);font-style:normal;font-weight:700\">Redefining protection through better air quality.<\/h2>\n\n\n\n<div class=\"wp-block-buttons is-content-justification-center is-layout-flex wp-container-core-buttons-is-layout-c936322e wp-block-buttons-is-layout-flex\" style=\"padding-top:var(--wp--preset--spacing--40);padding-bottom:var(--wp--preset--spacing--40)\">\n<div class=\"wp-block-button square-btn is-style-fill\"><a class=\"wp-block-button__link has-base-color has-text-color has-background has-link-color has-montserrat-font-family has-medium-font-size has-text-align-center has-custom-font-size wp-element-button\" href=\"https:\/\/ionshield.ca\/en\/a-propos\/\" style=\"background-color:#0060b1;padding-top:var(--wp--preset--spacing--20);padding-right:var(--wp--preset--spacing--30);padding-bottom:var(--wp--preset--spacing--20);padding-left:var(--wp--preset--spacing--30);font-style:normal;font-weight:600\">About IonShield<\/a><\/div>\n<\/div>\n<\/div><\/div>\n\n\n\n<div class=\"wp-block-group alignfull has-accent-1-color has-text-color has-link-color wp-elements-c417eae64af9d9535ab972a2b8de4344 is-content-justification-center is-nowrap is-layout-flex wp-container-core-group-is-layout-775de51a wp-block-group-is-layout-flex\" style=\"margin-top:0;margin-bottom:0\">\n<div style=\"height:100px;width:241px\" aria-hidden=\"true\" class=\"wp-block-spacer wp-container-content-f3eb4d03\"><\/div>\n\n\n\n<figure class=\"wp-block-image size-full has-custom-border\" style=\"margin-top:0;margin-right:0;margin-bottom:0;margin-left:0\"><img loading=\"lazy\" decoding=\"async\" width=\"1024\" height=\"1024\" src=\"https:\/\/ionshield.ca\/wp-content\/uploads\/2026\/03\/transparent-Photoroom-6.png\" alt=\"\" class=\"wp-image-198\" style=\"border-style:none;border-width:0px;object-fit:cover\" srcset=\"https:\/\/ionshield.ca\/wp-content\/uploads\/2026\/03\/transparent-Photoroom-6.png 1024w, https:\/\/ionshield.ca\/wp-content\/uploads\/2026\/03\/transparent-Photoroom-6-300x300.png 300w, https:\/\/ionshield.ca\/wp-content\/uploads\/2026\/03\/transparent-Photoroom-6-150x150.png 150w, https:\/\/ionshield.ca\/wp-content\/uploads\/2026\/03\/transparent-Photoroom-6-768x768.png 768w\" sizes=\"auto, (max-width: 1024px) 100vw, 1024px\" \/><\/figure>\n\n\n\n<h2 class=\"wp-block-heading has-text-align-center has-text-color has-link-color has-montserrat-font-family wp-elements-b9cc557c4ee4a86c614ba5eaa3e9019f\" style=\"color:#0161b1;font-size:clamp(1.146rem, 1.146rem + ((1vw - 0.2rem) * 1.026), 1.8rem);font-style:normal;font-weight:700\">Because everyone deserves to <br><mark style=\"background-color:rgba(0, 0, 0, 0);color:#01adef\" class=\"has-inline-color\">live<\/mark> <mark style=\"background-color:rgba(0, 0, 0, 0);color:#ffc800\" class=\"has-inline-color\"><\/mark>and <mark style=\"background-color:rgba(0, 0, 0, 0);color:#01adef\" class=\"has-inline-color\">work<\/mark> <mark style=\"background-color:rgba(0, 0, 0, 0);color:#ffc800\" class=\"has-inline-color\"><\/mark>in a <mark style=\"background-color:rgba(0, 0, 0, 0);color:#0161b1\" class=\"has-inline-color\">safe<\/mark> <mark style=\"background-color:rgba(0, 0, 0, 0);color:#ffc800\" class=\"has-inline-color\"><\/mark>and <mark style=\"background-color:rgba(0, 0, 0, 0);color:#0161b1\" class=\"has-inline-color\">healthy environment.<\/mark><\/h2>\n\n\n\n<div style=\"height:100px;width:244px\" aria-hidden=\"true\" class=\"wp-block-spacer wp-container-content-6abbc8ac\"><\/div>\n<\/div>\n\n\n\n<div class=\"wp-block-cover alignfull is-light has-parallax has-custom-content-position is-position-top-center\" style=\"border-style:none;border-width:0px;margin-top:0;margin-bottom:0;min-height:582px;aspect-ratio:unset;\"><div class=\"wp-block-cover__image-background wp-image-524 size-full has-parallax\" style=\"background-position:50% 50%;background-image:url(https:\/\/ionshield.ca\/wp-content\/uploads\/2026\/03\/img_8-1-scaled.jpg)\"><\/div><span aria-hidden=\"true\" class=\"wp-block-cover__background has-white-background-color has-background-dim-30 has-background-dim\"><\/span><div class=\"wp-block-cover__inner-container has-global-padding is-layout-constrained wp-block-cover-is-layout-constrained\">\n<div style=\"height:44px\" aria-hidden=\"true\" class=\"wp-block-spacer\"><\/div>\n\n\n\n<div class=\"wp-block-columns alignwide is-layout-flex wp-container-core-columns-is-layout-455a2e0d wp-block-columns-is-layout-flex\" style=\"padding-right:0;padding-left:0\">\n<div class=\"wp-block-column is-vertically-aligned-center is-layout-flow wp-block-column-is-layout-flow\" style=\"padding-top:0;padding-right:0;padding-bottom:0;padding-left:0;flex-basis:600px\">\n<p class=\"has-text-align-center has-text-color has-link-color has-montserrat-font-family wp-elements-aed5970cc7b4db07fabfcafa3c5bfe3a\" style=\"color:#0161b1;font-size:clamp(1.146rem, 1.146rem + ((1vw - 0.2rem) * 1.026), 1.8rem);font-style:normal;font-weight:700\">IonShield\u2019s innovation is a system that uses negative ionization to capture harmful particles in industrial environments.<\/p>\n\n\n\n<div class=\"wp-block-buttons is-content-justification-center is-layout-flex wp-container-core-buttons-is-layout-a89b3969 wp-block-buttons-is-layout-flex\">\n<div class=\"wp-block-button square-btn is-style-fill\"><a class=\"wp-block-button__link has-base-color has-text-color has-background has-link-color has-montserrat-font-family has-medium-font-size has-text-align-center has-custom-font-size wp-element-button\" href=\"https:\/\/ionshield.ca\/en\/la-technologie\/\" style=\"background-color:#0060b1;padding-top:var(--wp--preset--spacing--20);padding-bottom:var(--wp--preset--spacing--20);font-style:normal;font-weight:600\">Discover the technology<\/a><\/div>\n<\/div>\n<\/div>\n\n\n\n<div class=\"wp-block-column is-vertically-aligned-center is-layout-flow wp-block-column-is-layout-flow\">\n<figure class=\"wp-block-image alignright size-full is-resized\" style=\"margin-top:0;margin-bottom:0\"><img loading=\"lazy\" decoding=\"async\" width=\"2000\" height=\"2000\" src=\"https:\/\/ionshield.ca\/wp-content\/uploads\/2026\/04\/Untitled-design-4.png\" alt=\"\" class=\"wp-image-689\" style=\"aspect-ratio:0.8964903960161252;object-fit:cover;width:650px;height:auto\" srcset=\"https:\/\/ionshield.ca\/wp-content\/uploads\/2026\/04\/Untitled-design-4.png 2000w, https:\/\/ionshield.ca\/wp-content\/uploads\/2026\/04\/Untitled-design-4-300x300.png 300w, https:\/\/ionshield.ca\/wp-content\/uploads\/2026\/04\/Untitled-design-4-1024x1024.png 1024w, https:\/\/ionshield.ca\/wp-content\/uploads\/2026\/04\/Untitled-design-4-150x150.png 150w, https:\/\/ionshield.ca\/wp-content\/uploads\/2026\/04\/Untitled-design-4-768x768.png 768w, https:\/\/ionshield.ca\/wp-content\/uploads\/2026\/04\/Untitled-design-4-1536x1536.png 1536w\" sizes=\"auto, (max-width: 2000px) 100vw, 2000px\" \/><\/figure>\n<\/div>\n<\/div>\n\n\n\n<div style=\"height:100px\" aria-hidden=\"true\" class=\"wp-block-spacer\"><\/div>\n<\/div><\/div>\n\n\n\n<div class=\"wp-block-columns alignfull is-layout-flex wp-container-core-columns-is-layout-1ec2ec05 wp-block-columns-is-layout-flex\" style=\"margin-top:0;margin-bottom:0;padding-top:0;padding-right:0;padding-bottom:0;padding-left:0\">\n<div class=\"wp-block-column is-vertically-aligned-center is-layout-flow wp-block-column-is-layout-flow\" style=\"padding-right:var(--wp--preset--spacing--40);padding-left:var(--wp--preset--spacing--40);flex-basis:70%\">\n<figure class=\"wp-block-image aligncenter size-full is-resized\" style=\"margin-top:var(--wp--preset--spacing--60);margin-bottom:var(--wp--preset--spacing--60)\"><img loading=\"lazy\" decoding=\"async\" width=\"300\" height=\"301\" src=\"https:\/\/ionshield.ca\/wp-content\/uploads\/2026\/03\/img_41.png\" alt=\"\" class=\"wp-image-526\" style=\"width:200px\" srcset=\"https:\/\/ionshield.ca\/wp-content\/uploads\/2026\/03\/img_41.png 300w, https:\/\/ionshield.ca\/wp-content\/uploads\/2026\/03\/img_41-150x150.png 150w\" sizes=\"auto, (max-width: 300px) 100vw, 300px\" \/><\/figure>\n\n\n\n<p class=\"has-text-align-center has-text-color has-link-color has-montserrat-font-family wp-elements-21f94f4a0cae9b516a6cf2101c6b6adf\" style=\"color:#355816;font-size:clamp(1.146rem, 1.146rem + ((1vw - 0.2rem) * 1.026), 1.8rem);font-style:normal;font-weight:700\">Protecting workers while reducing energy consumption<\/p>\n<\/div>\n\n\n\n<div class=\"wp-block-column is-vertically-aligned-center is-layout-flow wp-container-core-column-is-layout-b108c007 wp-block-column-is-layout-flow\" style=\"padding-right:0;padding-left:0;flex-basis:30%\">\n<figure class=\"wp-block-image size-full\" style=\"margin-right:0;margin-left:0\"><img loading=\"lazy\" decoding=\"async\" width=\"683\" height=\"1024\" src=\"https:\/\/ionshield.ca\/wp-content\/uploads\/2026\/03\/img_42.jpg\" alt=\"\" class=\"wp-image-527\" style=\"object-fit:cover\" srcset=\"https:\/\/ionshield.ca\/wp-content\/uploads\/2026\/03\/img_42.jpg 683w, https:\/\/ionshield.ca\/wp-content\/uploads\/2026\/03\/img_42-200x300.jpg 200w\" sizes=\"auto, (max-width: 683px) 100vw, 683px\" \/><\/figure>\n<\/div>\n<\/div>\n\n\n\n<div class=\"wp-block-cover alignfull\" style=\"margin-top:0;margin-bottom:0;padding-top:0;padding-bottom:0;min-height:331px;aspect-ratio:unset;\"><img loading=\"lazy\" decoding=\"async\" width=\"1024\" height=\"576\" class=\"wp-block-cover__image-background wp-image-56 size-large\" alt=\"\" src=\"https:\/\/ionshield.ca\/wp-content\/uploads\/2026\/03\/img_2-3-1024x576.jpg\" data-object-fit=\"cover\" srcset=\"https:\/\/ionshield.ca\/wp-content\/uploads\/2026\/03\/img_2-3-1024x576.jpg 1024w, https:\/\/ionshield.ca\/wp-content\/uploads\/2026\/03\/img_2-3-300x169.jpg 300w, https:\/\/ionshield.ca\/wp-content\/uploads\/2026\/03\/img_2-3-768x432.jpg 768w, https:\/\/ionshield.ca\/wp-content\/uploads\/2026\/03\/img_2-3-1536x864.jpg 1536w, https:\/\/ionshield.ca\/wp-content\/uploads\/2026\/03\/img_2-3-2048x1152.jpg 2048w\" sizes=\"auto, (max-width: 1024px) 100vw, 1024px\" \/><span aria-hidden=\"true\" class=\"wp-block-cover__background has-background-dim-100 has-background-dim\" style=\"background-color:#0161b1\"><\/span><div class=\"wp-block-cover__inner-container has-global-padding is-layout-constrained wp-block-cover-is-layout-constrained\">\n<div style=\"height:126px\" aria-hidden=\"true\" class=\"wp-block-spacer\"><\/div>\n\n\n\n<div class=\"wp-block-group alignfull is-layout-flow wp-block-group-is-layout-flow\" style=\"padding-top:var(--wp--preset--spacing--40);padding-bottom:var(--wp--preset--spacing--40)\">\n<p class=\"has-text-align-center has-montserrat-font-family\" style=\"font-size:clamp(1.453rem, 1.453rem + ((1vw - 0.2rem) * 1.485), 2.4rem);font-style:normal;font-weight:600\">Ready to improve air quality in your facilities?<\/p>\n<\/div>\n\n\n\n<div class=\"wp-block-buttons is-content-justification-center is-layout-flex wp-container-core-buttons-is-layout-a89b3969 wp-block-buttons-is-layout-flex\">\n<div class=\"wp-block-button has-custom-width wp-block-button__width-50 square-btn is-style-outline is-style-outline--1\"><a class=\"wp-block-button__link has-base-color has-accent-6-background-color has-text-color has-background has-link-color has-montserrat-font-family has-medium-font-size has-text-align-center has-custom-font-size wp-element-button\" href=\"https:\/\/ionshield.ca\/en\/nous-joindre\/\" style=\"padding-top:var(--wp--preset--spacing--20);padding-right:0;padding-bottom:var(--wp--preset--spacing--20);padding-left:0;font-style:normal;font-weight:600\">CONTACT US!<\/a><\/div>\n<\/div>\n\n\n\n<div style=\"height:107px\" aria-hidden=\"true\" class=\"wp-block-spacer\"><\/div>\n\n\n\n<hr class=\"wp-block-separator has-alpha-channel-opacity\"\/>\n\n\n\n<p class=\"has-text-align-center has-text-color has-link-color has-montserrat-font-family has-large-font-size wp-elements-1adbad5c4d73be9272d84d35f96836a7\" style=\"color:#01adef;font-style:normal;font-weight:400\">PARTNERS<\/p>\n\n\n\n<div class=\"wp-block-group alignfull is-content-justification-center is-nowrap is-layout-flex wp-container-core-group-is-layout-7b1cdb19 wp-block-group-is-layout-flex\" style=\"margin-top:var(--wp--preset--spacing--40);margin-bottom:var(--wp--preset--spacing--40)\">\n<div style=\"height:100px;width:124px\" aria-hidden=\"true\" class=\"wp-block-spacer wp-container-content-da2a4e83\"><\/div>\n\n\n\n<figure class=\"wp-block-image size-full is-style-default\"><img loading=\"lazy\" decoding=\"async\" width=\"300\" height=\"100\" src=\"https:\/\/ionshield.ca\/wp-content\/uploads\/2026\/03\/partner_1-2.png\" alt=\"\" class=\"wp-image-191\"\/><\/figure>\n\n\n\n<div style=\"height:100px;width:124px\" aria-hidden=\"true\" class=\"wp-block-spacer wp-container-content-da2a4e83\"><\/div>\n\n\n\n<figure class=\"wp-block-image size-full\"><img loading=\"lazy\" decoding=\"async\" width=\"300\" height=\"83\" src=\"https:\/\/ionshield.ca\/wp-content\/uploads\/2026\/03\/partner_2-4.png\" alt=\"\" class=\"wp-image-192\"\/><\/figure>\n\n\n\n<div style=\"height:100px;width:124px\" aria-hidden=\"true\" class=\"wp-block-spacer wp-container-content-da2a4e83\"><\/div>\n\n\n\n<figure class=\"wp-block-image size-full has-custom-border\" style=\"margin-right:0;margin-left:0\"><img loading=\"lazy\" decoding=\"async\" width=\"300\" height=\"118\" src=\"https:\/\/ionshield.ca\/wp-content\/uploads\/2026\/03\/partnerTb_3.png\" alt=\"\" class=\"wp-image-591\" style=\"border-style:none;border-width:0px;border-top-left-radius:0px;border-top-right-radius:0px;border-bottom-left-radius:0px;border-bottom-right-radius:0px;object-fit:cover\"\/><\/figure>\n\n\n\n<div style=\"height:124px;width:0px\" aria-hidden=\"true\" class=\"wp-block-spacer wp-container-content-da2a4e83\"><\/div>\n<\/div>\n\n\n\n<div class=\"wp-block-buttons is-content-justification-center is-layout-flex wp-container-core-buttons-is-layout-a89b3969 wp-block-buttons-is-layout-flex\">\n<div class=\"wp-block-button has-custom-width wp-block-button__width-50 square-btn is-style-outline is-style-outline--2\"><a class=\"wp-block-button__link has-base-color has-accent-6-background-color has-text-color has-background has-link-color has-montserrat-font-family has-medium-font-size has-text-align-center has-custom-font-size wp-element-button\" href=\"https:\/\/ionshield.ca\/en\/partenaires\/\" style=\"padding-top:var(--wp--preset--spacing--20);padding-right:0;padding-bottom:var(--wp--preset--spacing--20);padding-left:0;font-style:normal;font-weight:600\">ALL OUR PARTNERS<\/a><\/div>\n<\/div>\n\n\n\n<div style=\"height:100px\" aria-hidden=\"true\" class=\"wp-block-spacer\"><\/div>\n<\/div><\/div>\n\n\n\n<p><\/p>","protected":false},"excerpt":{"rendered":"<p>Parce que tout le monde m\u00e9rite de vivre et de travailler dans un environnement sain et s\u00e9curitaire. Prot\u00e9ger les travailleurs tout en r\u00e9duisant l\u2019empreinte \u00e9nerg\u00e9tique<\/p>","protected":false},"author":1,"featured_media":0,"parent":0,"menu_order":0,"comment_status":"closed","ping_status":"closed","template":"page-no-title","meta":{"footnotes":""},"class_list":["post-6","page","type-page","status-publish","hentry"],"_links":{"self":[{"href":"https:\/\/ionshield.ca\/en\/wp-json\/wp\/v2\/pages\/6","targetHints":{"allow":["GET"]}}],"collection":[{"href":"https:\/\/ionshield.ca\/en\/wp-json\/wp\/v2\/pages"}],"about":[{"href":"https:\/\/ionshield.ca\/en\/wp-json\/wp\/v2\/types\/page"}],"author":[{"embeddable":true,"href":"https:\/\/ionshield.ca\/en\/wp-json\/wp\/v2\/users\/1"}],"replies":[{"embeddable":true,"href":"https:\/\/ionshield.ca\/en\/wp-json\/wp\/v2\/comments?post=6"}],"version-history":[{"count":195,"href":"https:\/\/ionshield.ca\/en\/wp-json\/wp\/v2\/pages\/6\/revisions"}],"predecessor-version":[{"id":842,"href":"https:\/\/ionshield.ca\/en\/wp-json\/wp\/v2\/pages\/6\/revisions\/842"}],"wp:attachment":[{"href":"https:\/\/ionshield.ca\/en\/wp-json\/wp\/v2\/media?parent=6"}],"curies":[{"name":"wp","href":"https:\/\/api.w.org\/{rel}","templated":true}]}}